{"id":3,"date":"2023-08-18T15:11:25","date_gmt":"2023-08-18T12:11:25","guid":{"rendered":"http:\/\/belkozin.ua\/?page_id=3"},"modified":"2023-09-08T14:08:29","modified_gmt":"2023-09-08T11:08:29","slug":"privacy-policy","status":"publish","type":"page","link":"https:\/\/belkozin.ua\/es\/privacy-policy\/","title":{"rendered":"Pol\u00edtica de privacidad"},"content":{"rendered":"<p style=\"text-align: center;\"><strong> T\u00e9rminos<\/strong><\/p>\n<p >Seg\u00fan la Ley de Ucrania del 1 de junio de 2010 No. 2297-VI\u00a0<a href=\"https:\/\/zakononline.com.ua\/documents\/show\/306885___650562\">&quot;Sobre la protecci\u00f3n de datos personales&quot;<\/a>\u00a0(en adelante \u201cla Ley\u201d), datos personales significa informaci\u00f3n o un conjunto de datos sobre una persona f\u00edsica que est\u00e1 identificada o puede ser identificada espec\u00edficamente. Seg\u00fan la Pol\u00edtica de Privacidad, el concepto de &quot;informaci\u00f3n personal&quot; incluye informaci\u00f3n o una parte de informaci\u00f3n que permite identificarle. Normalmente, esto incluye nombre y apellido, apodo, direcci\u00f3n de correo electr\u00f3nico y n\u00famero de tel\u00e9fono, pero tambi\u00e9n puede incluir informaci\u00f3n como la direcci\u00f3n IP. Podemos recibir dicha informaci\u00f3n directamente de usted, por ejemplo, al registrarse en el sitio, al proporcionar datos de contacto, informaci\u00f3n recibida de una tarjeta bancaria o pagos, as\u00ed como otra informaci\u00f3n personal que usted nos haya proporcionado voluntariamente.<\/p>\n<p>La empresa trata con gran respeto la informaci\u00f3n confidencial (personal) de todas las personas, sin excepci\u00f3n, que visitaron el sitio, as\u00ed como de quienes utilizan los servicios proporcionados por el sitio; En este sentido, la Compa\u00f1\u00eda se esfuerza por proteger la confidencialidad de los datos personales (informaci\u00f3n o un conjunto de informaci\u00f3n sobre una persona f\u00edsica que est\u00e1 identificada o puede ser identificada espec\u00edficamente), creando y proporcionando as\u00ed las condiciones m\u00e1s c\u00f3modas para utilizar los servicios del Sitio para cada usuario.<\/p>\n<p style=\"text-align: center;\"><strong> Uso y finalidad de la recogida de datos personales.<\/strong><\/p>\n<p>La informaci\u00f3n personal de los visitantes del sitio web, recopilada durante el registro, se utiliza principalmente para proporcionar servicios de acuerdo con sus necesidades, principalmente para la prestaci\u00f3n de servicios o en relaciones contractuales, as\u00ed como para responder a sus preguntas. Tambi\u00e9n podemos utilizar su informaci\u00f3n de contacto en correos electr\u00f3nicos para notificarle sobre nuevas oportunidades, promociones y otras noticias. Actuamos de acuerdo con esta Pol\u00edtica de Privacidad, sobre la base del Reglamento sobre el procesamiento y protecci\u00f3n de datos personales y sobre la base de la legislaci\u00f3n vigente de Ucrania.<\/p>\n<p>Tenemos derecho a conservar los Datos personales durante el tiempo que sea necesario para implementar el prop\u00f3sito especificado en esta Pol\u00edtica o dentro de los t\u00e9rminos establecidos por la legislaci\u00f3n vigente de Ucrania o hasta que usted elimine estos datos.<\/p>\n<p style=\"text-align: center;\"><strong> Proporcionar acceso a la informaci\u00f3n.<\/strong><\/p>\n<p>Proporcionar acceso a informaci\u00f3n personal a otras empresas e individuos solo es posible bajo las siguientes circunstancias:<\/p>\n<p>a) Se dispone del permiso del Usuario. Se requiere el consentimiento expl\u00edcito del Usuario para la transferencia de cualquier informaci\u00f3n confidencial.<br \/>\nb) En los casos definidos por la legislaci\u00f3n vigente de Ucrania, as\u00ed como en los casos de prevenci\u00f3n de un delito o de causar da\u00f1o a nosotros o a terceros.<\/p>\n<p style=\"text-align: center;\"><strong>Protecci\u00f3n de la informaci\u00f3n.<\/strong><\/p>\n<p>Tomamos todas las medidas necesarias para proteger los datos contra el acceso no autorizado, la alteraci\u00f3n, la divulgaci\u00f3n o la destrucci\u00f3n. Estas medidas incluyen, en particular, revisi\u00f3n interna de los procesos de recopilaci\u00f3n, almacenamiento y procesamiento de datos y medidas de seguridad, incluido el cifrado adecuado y medidas de seguridad de datos f\u00edsicos para evitar el acceso no autorizado a los sistemas en los que almacenamos datos personales.<\/p>\n<p style=\"text-align: center;\"><strong> Cambio de pol\u00edtica de privacidad.<\/strong><\/p>\n<p>El usuario acepta los t\u00e9rminos de esta pol\u00edtica de privacidad y tiene en cuenta que esta pol\u00edtica de privacidad puede cambiar de vez en cuando. Los cambios a la pol\u00edtica de privacidad se publican en esta p\u00e1gina.<\/p>\n<p>Para preguntas relacionadas con la pol\u00edtica de privacidad (incluida la eliminaci\u00f3n de datos personales), el Usuario puede contactarnos mediante el correo electr\u00f3nico: <a href=\"mailto:info_office@belkozin.ua\">info_office@belkozin.ua<\/a><\/p>","protected":false},"excerpt":{"rendered":"<p>Disposiciones generales De acuerdo con la Ley de Ucrania del 1 de junio de 2010 No. 2297-VI &quot;Sobre la Protecci\u00f3n de Datos Personales&quot; (en adelante, la &quot;Ley&quot;), datos personales significa informaci\u00f3n o un conjunto de informaci\u00f3n sobre una persona f\u00edsica. qui\u00e9n est\u00e1 identificado o puede ser identificado espec\u00edficamente. Seg\u00fan la Pol\u00edtica de Privacidad, el concepto de &quot;informaci\u00f3n personal&quot; incluye informaci\u00f3n o una parte de informaci\u00f3n que permite identificarle. Como regla general, esto incluye [...]<\/p>","protected":false},"author":1,"featured_media":0,"parent":0,"menu_order":0,"comment_status":"closed","ping_status":"open","template":"page-text.php","meta":{"footnotes":""},"class_list":["post-3","page","type-page","status-publish","hentry"],"acf":[],"_links":{"self":[{"href":"https:\/\/belkozin.ua\/es\/wp-json\/wp\/v2\/pages\/3","targetHints":{"allow":["GET"]}}],"collection":[{"href":"https:\/\/belkozin.ua\/es\/wp-json\/wp\/v2\/pages"}],"about":[{"href":"https:\/\/belkozin.ua\/es\/wp-json\/wp\/v2\/types\/page"}],"author":[{"embeddable":true,"href":"https:\/\/belkozin.ua\/es\/wp-json\/wp\/v2\/users\/1"}],"replies":[{"embeddable":true,"href":"https:\/\/belkozin.ua\/es\/wp-json\/wp\/v2\/comments?post=3"}],"version-history":[{"count":23,"href":"https:\/\/belkozin.ua\/es\/wp-json\/wp\/v2\/pages\/3\/revisions"}],"predecessor-version":[{"id":268,"href":"https:\/\/belkozin.ua\/es\/wp-json\/wp\/v2\/pages\/3\/revisions\/268"}],"wp:attachment":[{"href":"https:\/\/belkozin.ua\/es\/wp-json\/wp\/v2\/media?parent=3"}],"curies":[{"name":"wp","href":"https:\/\/api.w.org\/{rel}","templated":true}]}}