{"id":87,"date":"2023-08-23T16:59:09","date_gmt":"2023-08-23T13:59:09","guid":{"rendered":"http:\/\/belkozin.ua\/?post_type=product&#038;p=87"},"modified":"2023-08-30T12:55:58","modified_gmt":"2023-08-30T09:55:58","slug":"%d0%ba%d1%96%d1%81%d1%82%d0%be%d1%87%d0%ba%d0%b8","status":"publish","type":"product","link":"https:\/\/belkozin.ua\/es\/product\/%d0%ba%d1%96%d1%81%d1%82%d0%be%d1%87%d0%ba%d0%b8\/","title":{"rendered":"Huesos"},"content":{"rendered":"","protected":false},"excerpt":{"rendered":"<p>Golosinas de col\u00e1geno para perros: col\u00e1geno natural que proviene de la capa interna profunda de la piel del ganado. Esta capa se llama dermis y, a diferencia de la capa superior de la epidermis (de donde proviene el cuero crudo tradicional), esta capa m\u00e1s suave es m\u00e1s el\u00e1stica y mucho m\u00e1s absorbible.<\/p>","protected":false},"featured_media":89,"template":"","meta":[],"product_cat":[18],"product_tag":[],"class_list":["post-87","product","type-product","status-publish","has-post-thumbnail","hentry","product_cat-18"],"acf":[],"_links":{"self":[{"href":"https:\/\/belkozin.ua\/es\/wp-json\/wp\/v2\/product\/87","targetHints":{"allow":["GET"]}}],"collection":[{"href":"https:\/\/belkozin.ua\/es\/wp-json\/wp\/v2\/product"}],"about":[{"href":"https:\/\/belkozin.ua\/es\/wp-json\/wp\/v2\/types\/product"}],"wp:featuredmedia":[{"embeddable":true,"href":"https:\/\/belkozin.ua\/es\/wp-json\/wp\/v2\/media\/89"}],"wp:attachment":[{"href":"https:\/\/belkozin.ua\/es\/wp-json\/wp\/v2\/media?parent=87"}],"wp:term":[{"taxonomy":"product_cat","embeddable":true,"href":"https:\/\/belkozin.ua\/es\/wp-json\/wp\/v2\/product_cat?post=87"},{"taxonomy":"product_tag","embeddable":true,"href":"https:\/\/belkozin.ua\/es\/wp-json\/wp\/v2\/product_tag?post=87"}],"curies":[{"name":"wp","href":"https:\/\/api.w.org\/{rel}","templated":true}]}}